{"id":2000,"date":"2025-11-26T22:16:39","date_gmt":"2025-11-26T21:16:39","guid":{"rendered":"https:\/\/www.restaurantpauleetkopa.fr\/site-map\/"},"modified":"2026-03-27T15:21:14","modified_gmt":"2026-03-27T14:21:14","slug":"site-map","status":"publish","type":"page","link":"https:\/\/www.restaurantpauleetkopa.fr\/en\/site-map\/","title":{"rendered":"Site map"},"content":{"rendered":"<div id='av_section_1'  class='avia-section av-6urrti-005cda6e8099b5000b760fca953ef9e9 main_color avia-section-default avia-no-border-styling  avia-builder-el-0  avia-builder-el-no-sibling  avia-bg-style-scroll container_wrap fullsize'  ><div class='container av-section-cont-open' ><main  role=\"main\" itemprop=\"mainContentOfPage\"  class='template-page content  av-content-full alpha units'><div class='post-entry post-entry-type-page post-entry-2000'><div class='entry-content-wrapper clearfix'>\n\n<style type=\"text\/css\" data-created_by=\"avia_inline_auto\" id=\"style-css-av-mighph4n-f9aad975847bdc14bdb6a9083497dc55\">\n#top .av-special-heading.av-mighph4n-f9aad975847bdc14bdb6a9083497dc55{\npadding-bottom:10px;\n}\nbody .av-special-heading.av-mighph4n-f9aad975847bdc14bdb6a9083497dc55 .av-special-heading-tag .heading-char{\nfont-size:25px;\n}\n.av-special-heading.av-mighph4n-f9aad975847bdc14bdb6a9083497dc55 .av-subheading{\nfont-size:15px;\n}\n<\/style>\n<div  class='av-special-heading av-mighph4n-f9aad975847bdc14bdb6a9083497dc55 av-special-heading-h2 blockquote modern-quote modern-centered  avia-builder-el-1  el_before_av_textblock  avia-builder-el-first '><h2 class='av-special-heading-tag '  itemprop=\"headline\"  >Site map<\/h2><div class=\"special-heading-border\"><div class=\"special-heading-inner-border\"><\/div><\/div><\/div>\n<section  class='av_textblock_section av-migi7p0n-677a5d7c7be5aac794657850b0f13b81 '   itemscope=\"itemscope\" itemtype=\"https:\/\/schema.org\/CreativeWork\" ><div class='avia_textblock'  itemprop=\"text\" ><h3>Pages<\/h3>\n<p><a href=\"https:\/\/www.restaurantpauleetkopa.fr\/en\/\">Home<\/a><br \/>\n<a href=\"https:\/\/www.restaurantpauleetkopa.fr\/en\/vieux-port-restaurant-marseille\/\">Paule &amp; Kopa<\/a><br \/>\n<a href=\"https:\/\/www.restaurantpauleetkopa.fr\/en\/mediterranean-restaurant-menu-marseille\/\">Our menu<\/a><br \/>\n<a href=\"https:\/\/www.restaurantpauleetkopa.fr\/en\/group-dining-events-marseille\/\">Group meals &amp; events<\/a><br \/>\n<a href=\"https:\/\/www.restaurantpauleetkopa.fr\/en\/news\/\">News<\/a><br \/>\n<a href=\"https:\/\/www.restaurantpauleetkopa.fr\/en\/job-offers-restaurant-marseille\/\">Job openings<\/a><br \/>\n<a href=\"https:\/\/www.restaurantpauleetkopa.fr\/en\/contact-reservation\/\">Contact &amp; reservation<\/a><br \/>\n<a href=\"https:\/\/www.restaurantpauleetkopa.fr\/en\/legal-notice\/\">Legal notice &amp; terms of use<\/a><\/p>\n<h3>Articles<\/h3>\n<p><a href=\"https:\/\/www.restaurantpauleetkopa.fr\/en\/paule-kopa-among-the-best-pizzas-in-france-according-to-cmqcb\/\">Paule &amp; Kopa among the best pizzas in France according to CMQCB<\/a><br \/>\n<a href=\"https:\/\/www.restaurantpauleetkopa.fr\/en\/traditional-marseille-dishes-to-enjoy-on-the-vieux-port\/\">Traditional Marseille dishes to enjoy on the Vieux-Port<\/a><br \/>\n<a href=\"https:\/\/www.restaurantpauleetkopa.fr\/en\/group-meals-in-marseille-host-your-events-at-paule-kopa\/\">Group meals in Marseille: host your events at Paule &amp; Kopa<\/a><br \/>\n<a href=\"https:\/\/www.restaurantpauleetkopa.fr\/en\/homemade-pasta-at-paule-kopa-a-mediterranean-journey\/\">Homemade pasta at Paule &amp; Kopa: a Mediterranean journey<\/a><br \/>\n<a href=\"https:\/\/www.restaurantpauleetkopa.fr\/en\/a-great-recognition-for-the-paule-kopa-restaurant\/\">A great recognition for the Paule &amp; Kopa restaurant<\/a><br \/>\n<a href=\"https:\/\/www.restaurantpauleetkopa.fr\/en\/the-marseille-socisse-at-paule-kopa-an-authentic-speciality\/\">The Marseille S\u00f4cisse at Paule &amp; Kopa: an authentic speciality<\/a><br \/>\n<a href=\"https:\/\/www.restaurantpauleetkopa.fr\/en\/the-restaurants-artisanal-and-traditional-pizzas\/\">The restaurant\u2019s artisanal and traditional pizzas<\/a><br \/>\n<a href=\"https:\/\/www.restaurantpauleetkopa.fr\/en\/paule-kopas-marseille-style-pieds-et-paquets\/\">Paule &amp; Kopa&#8217;s Marseille-style \u201cpieds et paquets\u201d<\/a><br \/>\n<a href=\"https:\/\/www.restaurantpauleetkopa.fr\/en\/server-position-available-at-paule-kopa\/\">Server position available at Paule &amp; Kopa<\/a><br \/>\n<a href=\"https:\/\/www.restaurantpauleetkopa.fr\/en\/the-provencal-style-supions-of-paule-kopa\/\">The Proven\u00e7al-style supions of Paule &amp; Kopa<\/a><br \/>\n<a href=\"https:\/\/www.restaurantpauleetkopa.fr\/en\/the-restaurant-is-looking-for-an-apprentice-in-the-kitchen-and-in-the-dining-room\/\">The restaurant is looking for an apprentice in the kitchen and in the dining room<\/a><br \/>\n<a href=\"https:\/\/www.restaurantpauleetkopa.fr\/en\/the-captivating-history-of-place-aux-huiles-in-marseille\/\">The captivating history of place aux Huiles in Marseille<\/a><br \/>\n<a href=\"https:\/\/www.restaurantpauleetkopa.fr\/en\/job-offers-and-apprenticeships-in-the-restaurant-industry-in-marseille\/\">Job offers and apprenticeships in the restaurant industry in Marseille<\/a><br \/>\n<a href=\"https:\/\/www.restaurantpauleetkopa.fr\/en\/paule-kopa-featured-in-cest-meilleur-quand-cest-bon\/\">Paule &amp; Kopa featured on &#8220;It\u2019s better when it\u2019s good&#8221;<\/a><br \/>\n<a href=\"https:\/\/www.restaurantpauleetkopa.fr\/en\/sluurpy-excellence-certificate-2023-a-delicious-recognition\/\">Sluurpy Excellence Certificate 2023: a delicious recognition<\/a><br \/>\n<a href=\"https:\/\/www.restaurantpauleetkopa.fr\/en\/mediterranean-specialties-the-taste-of-the-south-on-place-aux-huiles\/\">Mediterranean specialties, the taste of the South on place aux Huiles<\/a><br \/>\n<a href=\"https:\/\/www.restaurantpauleetkopa.fr\/en\/the-grandes-halles-of-the-old-port-a-new-gourmet-breeze-in-marseille\/\">The Grandes Halles of the Old Port: a new gourmet breeze in Marseille<\/a><br \/>\n<a href=\"https:\/\/www.restaurantpauleetkopa.fr\/en\/the-marseille-brasserie-that-keeps-the-heart-of-provencal-cuisine-beating\/\">The Marseille brasserie that keeps the heart of Proven\u00e7al cuisine beating<\/a><br \/>\n<a href=\"https:\/\/www.restaurantpauleetkopa.fr\/en\/our-authentic-provencal-cuisine-praised-by-marianne-magazine\/\">Our authentic Proven\u00e7al cuisine praised by Marianne magazine<\/a><br \/>\n<a href=\"https:\/\/www.restaurantpauleetkopa.fr\/en\/the-faces-behind-paule-kopa-an-iconic-vieux-port-restaurant\/\">The faces behind Paule &amp; Kopa, an iconic Vieux-Port restaurant<\/a><br \/>\n<a href=\"https:\/\/www.restaurantpauleetkopa.fr\/en\/reopening-of-the-paule-kopa-restaurant-terrace-in-marseille\/\">Reopening of the Paule &amp; Kopa restaurant terrace in Marseille<\/a><br \/>\n<a href=\"https:\/\/www.restaurantpauleetkopa.fr\/en\/paule-kopa-mediterranean-flavors-in-full-force-by-objectif-mediterranee\/\">Paule &amp; Kopa: Mediterranean flavors in full force, by Objectif M\u00e9diterran\u00e9e<\/a><br \/>\n<a href=\"https:\/\/www.restaurantpauleetkopa.fr\/en\/paule-kopa-the-marseille-restaurant-praised-by-le-monde\/\">Paule &amp; Kopa: the Marseille restaurant praised by Le Monde<\/a><\/p>\n<\/div><\/section>\n\n","protected":false},"excerpt":{"rendered":"","protected":false},"author":2,"featured_media":0,"parent":0,"menu_order":0,"comment_status":"closed","ping_status":"closed","template":"","meta":{"_monsterinsights_skip_tracking":false,"_monsterinsights_sitenote_active":false,"_monsterinsights_sitenote_note":"","_monsterinsights_sitenote_category":0,"footnotes":""},"class_list":["post-2000","page","type-page","status-publish","hentry"],"yoast_head":"<!-- This site is optimized with the Yoast SEO plugin v27.4 - https:\/\/yoast.com\/product\/yoast-seo-wordpress\/ -->\n<title>Site map - Paule &amp; Kopa<\/title>\n<meta name=\"robots\" content=\"index, follow, max-snippet:-1, max-image-preview:large, max-video-preview:-1\" \/>\n<link rel=\"canonical\" href=\"https:\/\/www.restaurantpauleetkopa.fr\/en\/site-map\/\" \/>\n<meta property=\"og:locale\" content=\"en_US\" \/>\n<meta property=\"og:type\" content=\"article\" \/>\n<meta property=\"og:title\" content=\"Site map - Paule &amp; Kopa\" \/>\n<meta property=\"og:url\" content=\"https:\/\/www.restaurantpauleetkopa.fr\/en\/site-map\/\" \/>\n<meta property=\"og:site_name\" content=\"Paule &amp; Kopa\" \/>\n<meta property=\"article:publisher\" content=\"https:\/\/www.facebook.com\/pauleetkopa\" \/>\n<meta property=\"article:modified_time\" content=\"2026-03-27T14:21:14+00:00\" \/>\n<meta property=\"og:image\" content=\"https:\/\/www.restaurantpauleetkopa.fr\/wp-content\/uploads\/2025\/11\/restaurant-mediterraneen-paule-et-kopa-vieux-port-marseille.jpg\" \/>\n\t<meta property=\"og:image:width\" content=\"1920\" \/>\n\t<meta property=\"og:image:height\" content=\"1080\" \/>\n\t<meta property=\"og:image:type\" content=\"image\/jpeg\" \/>\n<meta name=\"twitter:card\" content=\"summary_large_image\" \/>\n<meta name=\"twitter:label1\" content=\"Est. reading time\" \/>\n\t<meta name=\"twitter:data1\" content=\"5 minutes\" \/>\n<script type=\"application\/ld+json\" class=\"yoast-schema-graph\">{\"@context\":\"https:\\\/\\\/schema.org\",\"@graph\":[{\"@type\":\"WebPage\",\"@id\":\"https:\\\/\\\/www.restaurantpauleetkopa.fr\\\/en\\\/site-map\\\/\",\"url\":\"https:\\\/\\\/www.restaurantpauleetkopa.fr\\\/en\\\/site-map\\\/\",\"name\":\"Site map - Paule &amp; Kopa\",\"isPartOf\":{\"@id\":\"https:\\\/\\\/www.restaurantpauleetkopa.fr\\\/en\\\/#website\"},\"datePublished\":\"2025-11-26T21:16:39+00:00\",\"dateModified\":\"2026-03-27T14:21:14+00:00\",\"breadcrumb\":{\"@id\":\"https:\\\/\\\/www.restaurantpauleetkopa.fr\\\/en\\\/site-map\\\/#breadcrumb\"},\"inLanguage\":\"en-US\",\"potentialAction\":[{\"@type\":\"ReadAction\",\"target\":[\"https:\\\/\\\/www.restaurantpauleetkopa.fr\\\/en\\\/site-map\\\/\"]}]},{\"@type\":\"BreadcrumbList\",\"@id\":\"https:\\\/\\\/www.restaurantpauleetkopa.fr\\\/en\\\/site-map\\\/#breadcrumb\",\"itemListElement\":[{\"@type\":\"ListItem\",\"position\":1,\"name\":\"Accueil\",\"item\":\"https:\\\/\\\/www.restaurantpauleetkopa.fr\\\/en\\\/home\\\/\"},{\"@type\":\"ListItem\",\"position\":2,\"name\":\"Site map\"}]},{\"@type\":\"WebSite\",\"@id\":\"https:\\\/\\\/www.restaurantpauleetkopa.fr\\\/en\\\/#website\",\"url\":\"https:\\\/\\\/www.restaurantpauleetkopa.fr\\\/en\\\/\",\"name\":\"Paule & Kopa\",\"description\":\"Restaurant \u00e0 Marseille - Cuisine m\u00e9diterran\u00e9enne &amp; proven\u00e7ale\",\"publisher\":{\"@id\":\"https:\\\/\\\/www.restaurantpauleetkopa.fr\\\/en\\\/#organization\"},\"alternateName\":\"paule et kopa\",\"potentialAction\":[{\"@type\":\"SearchAction\",\"target\":{\"@type\":\"EntryPoint\",\"urlTemplate\":\"https:\\\/\\\/www.restaurantpauleetkopa.fr\\\/en\\\/?s={search_term_string}\"},\"query-input\":{\"@type\":\"PropertyValueSpecification\",\"valueRequired\":true,\"valueName\":\"search_term_string\"}}],\"inLanguage\":\"en-US\"},{\"@type\":\"Organization\",\"@id\":\"https:\\\/\\\/www.restaurantpauleetkopa.fr\\\/en\\\/#organization\",\"name\":\"Paule & Kopa\",\"alternateName\":\"paule et kopa\",\"url\":\"https:\\\/\\\/www.restaurantpauleetkopa.fr\\\/en\\\/\",\"logo\":{\"@type\":\"ImageObject\",\"inLanguage\":\"en-US\",\"@id\":\"https:\\\/\\\/www.restaurantpauleetkopa.fr\\\/en\\\/#\\\/schema\\\/logo\\\/image\\\/\",\"url\":\"https:\\\/\\\/www.restaurantpauleetkopa.fr\\\/wp-content\\\/uploads\\\/2025\\\/11\\\/paule-kopa-restaurant-vieux-port-marseile-groupe-evenements-favicon.png\",\"contentUrl\":\"https:\\\/\\\/www.restaurantpauleetkopa.fr\\\/wp-content\\\/uploads\\\/2025\\\/11\\\/paule-kopa-restaurant-vieux-port-marseile-groupe-evenements-favicon.png\",\"width\":512,\"height\":512,\"caption\":\"Paule & Kopa\"},\"image\":{\"@id\":\"https:\\\/\\\/www.restaurantpauleetkopa.fr\\\/en\\\/#\\\/schema\\\/logo\\\/image\\\/\"},\"sameAs\":[\"https:\\\/\\\/www.facebook.com\\\/pauleetkopa\",\"https:\\\/\\\/www.instagram.com\\\/paulekopa\\\/\"]}]}<\/script>\n<!-- \/ Yoast SEO plugin. -->","yoast_head_json":{"title":"Site map - Paule &amp; Kopa","robots":{"index":"index","follow":"follow","max-snippet":"max-snippet:-1","max-image-preview":"max-image-preview:large","max-video-preview":"max-video-preview:-1"},"canonical":"https:\/\/www.restaurantpauleetkopa.fr\/en\/site-map\/","og_locale":"en_US","og_type":"article","og_title":"Site map - Paule &amp; Kopa","og_url":"https:\/\/www.restaurantpauleetkopa.fr\/en\/site-map\/","og_site_name":"Paule &amp; Kopa","article_publisher":"https:\/\/www.facebook.com\/pauleetkopa","article_modified_time":"2026-03-27T14:21:14+00:00","og_image":[{"width":1920,"height":1080,"url":"https:\/\/www.restaurantpauleetkopa.fr\/wp-content\/uploads\/2025\/11\/restaurant-mediterraneen-paule-et-kopa-vieux-port-marseille.jpg","type":"image\/jpeg"}],"twitter_card":"summary_large_image","twitter_misc":{"Est. reading time":"5 minutes"},"schema":{"@context":"https:\/\/schema.org","@graph":[{"@type":"WebPage","@id":"https:\/\/www.restaurantpauleetkopa.fr\/en\/site-map\/","url":"https:\/\/www.restaurantpauleetkopa.fr\/en\/site-map\/","name":"Site map - Paule &amp; Kopa","isPartOf":{"@id":"https:\/\/www.restaurantpauleetkopa.fr\/en\/#website"},"datePublished":"2025-11-26T21:16:39+00:00","dateModified":"2026-03-27T14:21:14+00:00","breadcrumb":{"@id":"https:\/\/www.restaurantpauleetkopa.fr\/en\/site-map\/#breadcrumb"},"inLanguage":"en-US","potentialAction":[{"@type":"ReadAction","target":["https:\/\/www.restaurantpauleetkopa.fr\/en\/site-map\/"]}]},{"@type":"BreadcrumbList","@id":"https:\/\/www.restaurantpauleetkopa.fr\/en\/site-map\/#breadcrumb","itemListElement":[{"@type":"ListItem","position":1,"name":"Accueil","item":"https:\/\/www.restaurantpauleetkopa.fr\/en\/home\/"},{"@type":"ListItem","position":2,"name":"Site map"}]},{"@type":"WebSite","@id":"https:\/\/www.restaurantpauleetkopa.fr\/en\/#website","url":"https:\/\/www.restaurantpauleetkopa.fr\/en\/","name":"Paule & Kopa","description":"Restaurant \u00e0 Marseille - Cuisine m\u00e9diterran\u00e9enne &amp; proven\u00e7ale","publisher":{"@id":"https:\/\/www.restaurantpauleetkopa.fr\/en\/#organization"},"alternateName":"paule et kopa","potentialAction":[{"@type":"SearchAction","target":{"@type":"EntryPoint","urlTemplate":"https:\/\/www.restaurantpauleetkopa.fr\/en\/?s={search_term_string}"},"query-input":{"@type":"PropertyValueSpecification","valueRequired":true,"valueName":"search_term_string"}}],"inLanguage":"en-US"},{"@type":"Organization","@id":"https:\/\/www.restaurantpauleetkopa.fr\/en\/#organization","name":"Paule & Kopa","alternateName":"paule et kopa","url":"https:\/\/www.restaurantpauleetkopa.fr\/en\/","logo":{"@type":"ImageObject","inLanguage":"en-US","@id":"https:\/\/www.restaurantpauleetkopa.fr\/en\/#\/schema\/logo\/image\/","url":"https:\/\/www.restaurantpauleetkopa.fr\/wp-content\/uploads\/2025\/11\/paule-kopa-restaurant-vieux-port-marseile-groupe-evenements-favicon.png","contentUrl":"https:\/\/www.restaurantpauleetkopa.fr\/wp-content\/uploads\/2025\/11\/paule-kopa-restaurant-vieux-port-marseile-groupe-evenements-favicon.png","width":512,"height":512,"caption":"Paule & Kopa"},"image":{"@id":"https:\/\/www.restaurantpauleetkopa.fr\/en\/#\/schema\/logo\/image\/"},"sameAs":["https:\/\/www.facebook.com\/pauleetkopa","https:\/\/www.instagram.com\/paulekopa\/"]}]}},"_links":{"self":[{"href":"https:\/\/www.restaurantpauleetkopa.fr\/en\/wp-json\/wp\/v2\/pages\/2000","targetHints":{"allow":["GET"]}}],"collection":[{"href":"https:\/\/www.restaurantpauleetkopa.fr\/en\/wp-json\/wp\/v2\/pages"}],"about":[{"href":"https:\/\/www.restaurantpauleetkopa.fr\/en\/wp-json\/wp\/v2\/types\/page"}],"author":[{"embeddable":true,"href":"https:\/\/www.restaurantpauleetkopa.fr\/en\/wp-json\/wp\/v2\/users\/2"}],"replies":[{"embeddable":true,"href":"https:\/\/www.restaurantpauleetkopa.fr\/en\/wp-json\/wp\/v2\/comments?post=2000"}],"version-history":[{"count":8,"href":"https:\/\/www.restaurantpauleetkopa.fr\/en\/wp-json\/wp\/v2\/pages\/2000\/revisions"}],"predecessor-version":[{"id":2247,"href":"https:\/\/www.restaurantpauleetkopa.fr\/en\/wp-json\/wp\/v2\/pages\/2000\/revisions\/2247"}],"wp:attachment":[{"href":"https:\/\/www.restaurantpauleetkopa.fr\/en\/wp-json\/wp\/v2\/media?parent=2000"}],"curies":[{"name":"wp","href":"https:\/\/api.w.org\/{rel}","templated":true}]}}