{"id":1789,"date":"2023-04-22T18:03:26","date_gmt":"2023-04-22T16:03:26","guid":{"rendered":"https:\/\/www.restaurantpauleetkopa.fr\/submit-your-application\/"},"modified":"2025-12-08T23:02:19","modified_gmt":"2025-12-08T22:02:19","slug":"submit-your-application","status":"publish","type":"page","link":"https:\/\/www.restaurantpauleetkopa.fr\/en\/submit-your-application\/","title":{"rendered":"Submit your application"},"content":{"rendered":"\n<style type=\"text\/css\" data-created_by=\"avia_inline_auto\" id=\"style-css-av-3isf-7095e11658c148228e7e966b97da5638\">\n.avia-section.av-3isf-7095e11658c148228e7e966b97da5638 .av-section-color-overlay{\nopacity:1;\nbackground-image:url(https:\/\/www.restaurantpauleetkopa.fr\/wp-content\/themes\/enfold\/images\/background-images\/dashed-cross-light.png);\nbackground-repeat:repeat;\n}\n<\/style>\n<div id='carte'  class='avia-section av-3isf-7095e11658c148228e7e966b97da5638 main_color avia-section-large avia-no-border-styling  avia-builder-el-0  avia-builder-el-no-sibling  avia-bg-style-parallax av-section-color-overlay-active container_wrap fullsize'  ><div class=\"av-section-color-overlay-wrap\"><div class=\"av-section-color-overlay\"><\/div><div class='container av-section-cont-open' ><main  role=\"main\" itemprop=\"mainContentOfPage\"  class='template-page content  av-content-full alpha units'><div class='post-entry post-entry-type-page post-entry-1789'><div class='entry-content-wrapper clearfix'>\n\n<style type=\"text\/css\" data-created_by=\"avia_inline_auto\" id=\"style-css-av-lgs7re1t-b24d902b92aa8435a83f30c72f3f565d\">\n#top .av-special-heading.av-lgs7re1t-b24d902b92aa8435a83f30c72f3f565d{\npadding-bottom:0;\n}\nbody .av-special-heading.av-lgs7re1t-b24d902b92aa8435a83f30c72f3f565d .av-special-heading-tag .heading-char{\nfont-size:25px;\n}\n.av-special-heading.av-lgs7re1t-b24d902b92aa8435a83f30c72f3f565d .av-subheading{\nfont-size:15px;\n}\n<\/style>\n<div  class='av-special-heading av-lgs7re1t-b24d902b92aa8435a83f30c72f3f565d av-special-heading-h1 blockquote modern-quote modern-centered  avia-builder-el-1  el_before_av_codeblock  avia-builder-el-first  av-thin-font'><h1 class='av-special-heading-tag '  itemprop=\"headline\"  >Submit your <strong>application<\/strong><\/h1><div class='av-subheading av-subheading_below'><p>It&#8217;s quick and easy (under 5 min)<\/p>\n<\/div><div class=\"special-heading-border\"><div class=\"special-heading-inner-border\"><\/div><\/div><\/div>\n\n\n","protected":false},"excerpt":{"rendered":"","protected":false},"author":2,"featured_media":0,"parent":0,"menu_order":0,"comment_status":"closed","ping_status":"closed","template":"","meta":{"_monsterinsights_skip_tracking":false,"_monsterinsights_sitenote_active":false,"_monsterinsights_sitenote_note":"","_monsterinsights_sitenote_category":0,"footnotes":""},"class_list":["post-1789","page","type-page","status-publish","hentry"],"yoast_head":"<!-- This site is optimized with the Yoast SEO plugin v27.4 - https:\/\/yoast.com\/product\/yoast-seo-wordpress\/ -->\n<title>Submit your application - Paule &amp; Kopa<\/title>\n<meta name=\"robots\" content=\"index, follow, max-snippet:-1, max-image-preview:large, max-video-preview:-1\" \/>\n<link rel=\"canonical\" href=\"https:\/\/www.restaurantpauleetkopa.fr\/en\/submit-your-application\/\" \/>\n<meta property=\"og:locale\" content=\"en_US\" \/>\n<meta property=\"og:type\" content=\"article\" \/>\n<meta property=\"og:title\" content=\"Submit your application - Paule &amp; Kopa\" \/>\n<meta property=\"og:url\" content=\"https:\/\/www.restaurantpauleetkopa.fr\/en\/submit-your-application\/\" \/>\n<meta property=\"og:site_name\" content=\"Paule &amp; Kopa\" \/>\n<meta property=\"article:publisher\" content=\"https:\/\/www.facebook.com\/pauleetkopa\" \/>\n<meta property=\"article:modified_time\" content=\"2025-12-08T22:02:19+00:00\" \/>\n<meta property=\"og:image\" content=\"https:\/\/www.restaurantpauleetkopa.fr\/wp-content\/uploads\/2025\/11\/restaurant-mediterraneen-paule-et-kopa-vieux-port-marseille.jpg\" \/>\n\t<meta property=\"og:image:width\" content=\"1920\" \/>\n\t<meta property=\"og:image:height\" content=\"1080\" \/>\n\t<meta property=\"og:image:type\" content=\"image\/jpeg\" \/>\n<meta name=\"twitter:card\" content=\"summary_large_image\" \/>\n<meta name=\"twitter:label1\" content=\"Est. reading time\" \/>\n\t<meta name=\"twitter:data1\" content=\"1 minute\" \/>\n<script type=\"application\/ld+json\" class=\"yoast-schema-graph\">{\"@context\":\"https:\\\/\\\/schema.org\",\"@graph\":[{\"@type\":\"WebPage\",\"@id\":\"https:\\\/\\\/www.restaurantpauleetkopa.fr\\\/en\\\/submit-your-application\\\/\",\"url\":\"https:\\\/\\\/www.restaurantpauleetkopa.fr\\\/en\\\/submit-your-application\\\/\",\"name\":\"Submit your application - Paule &amp; Kopa\",\"isPartOf\":{\"@id\":\"https:\\\/\\\/www.restaurantpauleetkopa.fr\\\/en\\\/#website\"},\"datePublished\":\"2023-04-22T16:03:26+00:00\",\"dateModified\":\"2025-12-08T22:02:19+00:00\",\"breadcrumb\":{\"@id\":\"https:\\\/\\\/www.restaurantpauleetkopa.fr\\\/en\\\/submit-your-application\\\/#breadcrumb\"},\"inLanguage\":\"en-US\",\"potentialAction\":[{\"@type\":\"ReadAction\",\"target\":[\"https:\\\/\\\/www.restaurantpauleetkopa.fr\\\/en\\\/submit-your-application\\\/\"]}]},{\"@type\":\"BreadcrumbList\",\"@id\":\"https:\\\/\\\/www.restaurantpauleetkopa.fr\\\/en\\\/submit-your-application\\\/#breadcrumb\",\"itemListElement\":[{\"@type\":\"ListItem\",\"position\":1,\"name\":\"Accueil\",\"item\":\"https:\\\/\\\/www.restaurantpauleetkopa.fr\\\/en\\\/home\\\/\"},{\"@type\":\"ListItem\",\"position\":2,\"name\":\"Submit your application\"}]},{\"@type\":\"WebSite\",\"@id\":\"https:\\\/\\\/www.restaurantpauleetkopa.fr\\\/en\\\/#website\",\"url\":\"https:\\\/\\\/www.restaurantpauleetkopa.fr\\\/en\\\/\",\"name\":\"Paule & Kopa\",\"description\":\"Restaurant \u00e0 Marseille - Cuisine m\u00e9diterran\u00e9enne &amp; proven\u00e7ale\",\"publisher\":{\"@id\":\"https:\\\/\\\/www.restaurantpauleetkopa.fr\\\/en\\\/#organization\"},\"alternateName\":\"paule et kopa\",\"potentialAction\":[{\"@type\":\"SearchAction\",\"target\":{\"@type\":\"EntryPoint\",\"urlTemplate\":\"https:\\\/\\\/www.restaurantpauleetkopa.fr\\\/en\\\/?s={search_term_string}\"},\"query-input\":{\"@type\":\"PropertyValueSpecification\",\"valueRequired\":true,\"valueName\":\"search_term_string\"}}],\"inLanguage\":\"en-US\"},{\"@type\":\"Organization\",\"@id\":\"https:\\\/\\\/www.restaurantpauleetkopa.fr\\\/en\\\/#organization\",\"name\":\"Paule & Kopa\",\"alternateName\":\"paule et kopa\",\"url\":\"https:\\\/\\\/www.restaurantpauleetkopa.fr\\\/en\\\/\",\"logo\":{\"@type\":\"ImageObject\",\"inLanguage\":\"en-US\",\"@id\":\"https:\\\/\\\/www.restaurantpauleetkopa.fr\\\/en\\\/#\\\/schema\\\/logo\\\/image\\\/\",\"url\":\"https:\\\/\\\/www.restaurantpauleetkopa.fr\\\/wp-content\\\/uploads\\\/2025\\\/11\\\/paule-kopa-restaurant-vieux-port-marseile-groupe-evenements-favicon.png\",\"contentUrl\":\"https:\\\/\\\/www.restaurantpauleetkopa.fr\\\/wp-content\\\/uploads\\\/2025\\\/11\\\/paule-kopa-restaurant-vieux-port-marseile-groupe-evenements-favicon.png\",\"width\":512,\"height\":512,\"caption\":\"Paule & Kopa\"},\"image\":{\"@id\":\"https:\\\/\\\/www.restaurantpauleetkopa.fr\\\/en\\\/#\\\/schema\\\/logo\\\/image\\\/\"},\"sameAs\":[\"https:\\\/\\\/www.facebook.com\\\/pauleetkopa\",\"https:\\\/\\\/www.instagram.com\\\/paulekopa\\\/\"]}]}<\/script>\n<!-- \/ Yoast SEO plugin. -->","yoast_head_json":{"title":"Submit your application - Paule &amp; Kopa","robots":{"index":"index","follow":"follow","max-snippet":"max-snippet:-1","max-image-preview":"max-image-preview:large","max-video-preview":"max-video-preview:-1"},"canonical":"https:\/\/www.restaurantpauleetkopa.fr\/en\/submit-your-application\/","og_locale":"en_US","og_type":"article","og_title":"Submit your application - Paule &amp; Kopa","og_url":"https:\/\/www.restaurantpauleetkopa.fr\/en\/submit-your-application\/","og_site_name":"Paule &amp; Kopa","article_publisher":"https:\/\/www.facebook.com\/pauleetkopa","article_modified_time":"2025-12-08T22:02:19+00:00","og_image":[{"width":1920,"height":1080,"url":"https:\/\/www.restaurantpauleetkopa.fr\/wp-content\/uploads\/2025\/11\/restaurant-mediterraneen-paule-et-kopa-vieux-port-marseille.jpg","type":"image\/jpeg"}],"twitter_card":"summary_large_image","twitter_misc":{"Est. reading time":"1 minute"},"schema":{"@context":"https:\/\/schema.org","@graph":[{"@type":"WebPage","@id":"https:\/\/www.restaurantpauleetkopa.fr\/en\/submit-your-application\/","url":"https:\/\/www.restaurantpauleetkopa.fr\/en\/submit-your-application\/","name":"Submit your application - Paule &amp; Kopa","isPartOf":{"@id":"https:\/\/www.restaurantpauleetkopa.fr\/en\/#website"},"datePublished":"2023-04-22T16:03:26+00:00","dateModified":"2025-12-08T22:02:19+00:00","breadcrumb":{"@id":"https:\/\/www.restaurantpauleetkopa.fr\/en\/submit-your-application\/#breadcrumb"},"inLanguage":"en-US","potentialAction":[{"@type":"ReadAction","target":["https:\/\/www.restaurantpauleetkopa.fr\/en\/submit-your-application\/"]}]},{"@type":"BreadcrumbList","@id":"https:\/\/www.restaurantpauleetkopa.fr\/en\/submit-your-application\/#breadcrumb","itemListElement":[{"@type":"ListItem","position":1,"name":"Accueil","item":"https:\/\/www.restaurantpauleetkopa.fr\/en\/home\/"},{"@type":"ListItem","position":2,"name":"Submit your application"}]},{"@type":"WebSite","@id":"https:\/\/www.restaurantpauleetkopa.fr\/en\/#website","url":"https:\/\/www.restaurantpauleetkopa.fr\/en\/","name":"Paule & Kopa","description":"Restaurant \u00e0 Marseille - Cuisine m\u00e9diterran\u00e9enne &amp; proven\u00e7ale","publisher":{"@id":"https:\/\/www.restaurantpauleetkopa.fr\/en\/#organization"},"alternateName":"paule et kopa","potentialAction":[{"@type":"SearchAction","target":{"@type":"EntryPoint","urlTemplate":"https:\/\/www.restaurantpauleetkopa.fr\/en\/?s={search_term_string}"},"query-input":{"@type":"PropertyValueSpecification","valueRequired":true,"valueName":"search_term_string"}}],"inLanguage":"en-US"},{"@type":"Organization","@id":"https:\/\/www.restaurantpauleetkopa.fr\/en\/#organization","name":"Paule & Kopa","alternateName":"paule et kopa","url":"https:\/\/www.restaurantpauleetkopa.fr\/en\/","logo":{"@type":"ImageObject","inLanguage":"en-US","@id":"https:\/\/www.restaurantpauleetkopa.fr\/en\/#\/schema\/logo\/image\/","url":"https:\/\/www.restaurantpauleetkopa.fr\/wp-content\/uploads\/2025\/11\/paule-kopa-restaurant-vieux-port-marseile-groupe-evenements-favicon.png","contentUrl":"https:\/\/www.restaurantpauleetkopa.fr\/wp-content\/uploads\/2025\/11\/paule-kopa-restaurant-vieux-port-marseile-groupe-evenements-favicon.png","width":512,"height":512,"caption":"Paule & Kopa"},"image":{"@id":"https:\/\/www.restaurantpauleetkopa.fr\/en\/#\/schema\/logo\/image\/"},"sameAs":["https:\/\/www.facebook.com\/pauleetkopa","https:\/\/www.instagram.com\/paulekopa\/"]}]}},"_links":{"self":[{"href":"https:\/\/www.restaurantpauleetkopa.fr\/en\/wp-json\/wp\/v2\/pages\/1789","targetHints":{"allow":["GET"]}}],"collection":[{"href":"https:\/\/www.restaurantpauleetkopa.fr\/en\/wp-json\/wp\/v2\/pages"}],"about":[{"href":"https:\/\/www.restaurantpauleetkopa.fr\/en\/wp-json\/wp\/v2\/types\/page"}],"author":[{"embeddable":true,"href":"https:\/\/www.restaurantpauleetkopa.fr\/en\/wp-json\/wp\/v2\/users\/2"}],"replies":[{"embeddable":true,"href":"https:\/\/www.restaurantpauleetkopa.fr\/en\/wp-json\/wp\/v2\/comments?post=1789"}],"version-history":[{"count":3,"href":"https:\/\/www.restaurantpauleetkopa.fr\/en\/wp-json\/wp\/v2\/pages\/1789\/revisions"}],"predecessor-version":[{"id":2086,"href":"https:\/\/www.restaurantpauleetkopa.fr\/en\/wp-json\/wp\/v2\/pages\/1789\/revisions\/2086"}],"wp:attachment":[{"href":"https:\/\/www.restaurantpauleetkopa.fr\/en\/wp-json\/wp\/v2\/media?parent=1789"}],"curies":[{"name":"wp","href":"https:\/\/api.w.org\/{rel}","templated":true}]}}